{"id":1192,"date":"2018-05-17T14:25:31","date_gmt":"2018-05-17T12:25:31","guid":{"rendered":"http:\/\/www.veos.com.tr\/?page_id=1192"},"modified":"2018-07-03T17:01:15","modified_gmt":"2018-07-03T15:01:15","slug":"emniyet-roleleri","status":"publish","type":"page","link":"http:\/\/www.veos.com.tr\/en\/pilz\/roleler\/emniyet-roleleri\/","title":{"rendered":"Safety relais"},"content":{"rendered":"<p>[divider_1]<br \/>\n[one_half]<br \/>\n[services icon=&#8221;http:\/\/www.veos.com.tr\/wp-content\/uploads\/2018\/05\/sigma.png&#8221; text_align=&#8221;left&#8221; title=&#8221;&#8230;&#8221; title_size=&#8221;12&#8243; description_size=&#8221;16&#8243; button_link=&#8221;https:\/\/www.veos.com.tr\/urunler\/roleler\/emniyet-roleleri\/pnozsigma\/&#8221; no_button=&#8221;false&#8221; fullimage=&#8221;true&#8221;]<\/p>\n<ul>\n<li><em><strong>PNOZsigma<\/strong>\u00a0<\/em>acil durum emniyet r\u00f6leleri; minimum \u00e7aba ile maksimum g\u00fcvenlik ve maliyet etkinli\u011fi elde edebilirsiniz.<\/li>\n<li><em><strong>PNOZsigma<\/strong> <\/em>dar g\u00f6vde geni\u015fli\u011fi ve her bir \u00fcniteye s\u0131k\u0131\u015ft\u0131r\u0131lm\u0131\u015f \u00e7ok i\u015flevli \u00f6zellikleri sayesinde, minimum geni\u015flikte maksimum i\u015flevsellik sa\u011flar.<\/li>\n<li><em><strong>PNOZsigma<\/strong> <\/em>yerden tasarruf ettirirken, emniyet teknolijisini daha h\u0131zl\u0131 ve daha fazla esnek bir \u015fekilde uygulayama imkan\u0131 sa\u011flar.<\/li>\n<\/ul>\n<p>[\/services][\/one_half]<\/p>\n<p>[one_half_last]<br \/>\n[services icon=&#8221;http:\/\/www.veos.com.tr\/wp-content\/uploads\/2018\/05\/X.png&#8221; text_align=&#8221;left&#8221; title=&#8221;&#8230;&#8221; title_size=&#8221;12&#8243; description_size=&#8221;16&#8243; button_link=&#8221;https:\/\/www.veos.com.tr\/urunler\/roleler\/emniyet-roleleri\/pnozx\/&#8221; no_button=&#8221;false&#8221; fullimage=&#8221;true&#8221;]<\/p>\n<ul>\n<li><em><strong>PNOZ X<\/strong>\u00a0<\/em>emniyet r\u00f6lelerimiz g\u00fcvenilirlik ve sa\u011flaml\u0131klar\u0131yla g\u00fcnl\u00fck zorlu end\u00fcstriyel ortamlarda ba\u015far\u0131s\u0131n\u0131 kan\u0131tlam\u0131\u015f ve emniyet uyglamalar\u0131nda geni\u015f bir uygulama aral\u0131\u011f\u0131 geli\u015ftirmi\u015ftir. <\/li>\n<li><em><strong>PNOZ X<\/strong><\/em>, d\u00fcnyada en yayg\u0131n kullan\u0131lan emniyet r\u00f6lesidir. Her bir fonksiyon i\u00e7in bir PNOZ kullan\u0131labilir.<\/li>\n<li><em><strong>PNOZ X<\/strong> <\/em> elektromekanik kontaklar temelindedir ve tak-\u00e7\u0131kar terminaller sayesinde h\u0131zl\u0131 devreye alma olana\u011f\u0131 sa\u011flar.<\/li>\n<\/ul>\n<p>[\/services][\/one_half_last]<\/p>\n<p>[one_half]<br \/>\n[services icon=&#8221;http:\/\/www.veos.com.tr\/wp-content\/uploads\/2018\/05\/compact.png&#8221; text_align=&#8221;left&#8221; title=&#8221;&#8230;&#8221; title_size=&#8221;12&#8243; description_size=&#8221;16&#8243; button_link=&#8221;https:\/\/www.veos.com.tr\/urunler\/roleler\/emniyet-roleleri\/pnozcompact\/&#8221; no_button=&#8221;false&#8221; fullimage=&#8221;true&#8221;]<\/p>\n<ul>\n<li><em><strong>PNOZcompact<\/strong>\u00a0<\/em> emniyet r\u00f6leleri yaln\u0131zca 12 ms gibi h\u0131zl\u0131 tepki s\u00fcresi ile uygulaman\u0131z i\u00e7in maksimum emniyet sa\u011flayarak, tehlikeli hareketlerle aran\u0131zdaki mesafeyi azaltman\u0131z\u0131 sa\u011flar.<\/li>\n<li><em><strong>PNOZcompact<\/strong> <\/em> emniyet r\u00f6lesi fonksiyonellik i\u00e7in \u00fcretilmi\u015f olup, \u00f6zellikle seri makine imalat\u0131nda ve genel olarak m\u00fchendisli\u011fin her alan\u0131nda kullan\u0131labilir.<\/li>\n<li><em><strong>PNOZcompact<\/strong> <\/em> emniyet r\u00f6leleri ile y\u00fcksek standardizasyon derecesine sahip y\u00fcksek hacimli projeler ekonomik olarak uygulanabilir.<\/li>\n<\/ul>\n<p>[\/services][\/one_half]<\/p>\n<p>[one_half_last]<br \/>\n[services icon=&#8221;http:\/\/www.veos.com.tr\/wp-content\/uploads\/2018\/05\/elog.png&#8221; text_align=&#8221;left&#8221; title=&#8221;&#8230;&#8221; title_size=&#8221;12&#8243; description_size=&#8221;16&#8243; button_link=&#8221;https:\/\/www.veos.com.tr\/urunler\/roleler\/emniyet-roleleri\/pnozelog\/&#8221; no_button=&#8221;false&#8221; fullimage=&#8221;true&#8221;]<\/p>\n<ul>\n<li><em><strong>PNOZelog<\/strong>\u00a0<\/em>en fazla d\u00f6rt emniyet fonksiyonunu izlemek i\u00e7in ideal olan yenilik\u00e7i \u00fcr\u00fcn serisi, elektromekanik emniyet r\u00f6leleri deneyimini modern elektroni\u011fin avantajlar\u0131yla birle\u015ftirir. <\/li>\n<li><em><strong>PNOZelog<\/strong> <\/em> <\/li>\n<p> emniyet r\u00f6leleri ile kompakt tek emniyet \u00fcnitesi dahilince iki emniyet fonksiyonu ayn\u0131 anda izlenebilir.<\/p>\n<li><em><strong>PNOZelog<\/strong> <\/em> emniyet r\u00f6leleri sayesinde hata s\u0131ras\u0131nda makinenin veya tesisin istem d\u0131\u015f\u0131 ba\u015flamas\u0131 engellenir.<\/li>\n<\/ul>\n<p>[\/services][\/one_half_last]<\/p>\n<p>[one_half_last]<br \/>\n[services icon=&#8221;http:\/\/www.veos.com.tr\/wp-content\/uploads\/2018\/05\/power.png&#8221; text_align=&#8221;left&#8221; title=&#8221;&#8230;&#8221; title_size=&#8221;12&#8243; description_size=&#8221;16&#8243; button_link=&#8221;https:\/\/www.veos.com.tr\/urunler\/roleler\/emniyet-roleleri\/pnozpower\/&#8221; no_button=&#8221;false&#8221; fullimage=&#8221;true&#8221;]<\/p>\n<ul>\n<li><em><strong>PNOZpower<\/strong>\u00a0<\/em> emniyet r\u00f6leleri acil durum durdurma cihazlar\u0131n\u0131, emniyet kap\u0131lar\u0131n\u0131 ve \u0131\u015f\u0131k perdelerini izlemek i\u00e7in uygundur.<\/li>\n<li><em><strong>PNOZpower<\/strong> <\/em> emniyet r\u00f6leleri ile mod\u00fcl ba\u015f\u0131na toplam 40 A kesme kapasitesi mevcut olup, ba\u011flant\u0131 ba\u015f\u0131na 16 A AC\/DC&#8217;e kadar ak\u0131m de\u011fi\u015fikli\u011fi yapabilirsiniz.<\/li>\n<li><em><strong>PNOZpower<\/strong> <\/em> mod\u00fcler yap\u0131s\u0131 sayesinde be\u015ften fazla emniyet ba\u011flant\u0131s\u0131yla uygulamalarda ek kablo tesisat\u0131na ihtiya\u00e7 duyulmadan ger\u00e7ekle\u015ftirilebilir, maliyetten tasarruf etmeniz sa\u011flan\u0131r.<\/li>\n<\/ul>\n<p>[\/services][\/one_half_last]<\/p>","protected":false},"excerpt":{"rendered":"<p>[divider_1] [one_half] [services icon=&#8221;http:\/\/www.veos.com.tr\/wp-content\/uploads\/2018\/05\/sigma.png&#8221; text_align=&#8221;left&#8221; title=&#8221;&#8230;&#8221; title_size=&#8221;12&#8243; description_size=&#8221;16&#8243; button_link=&#8221;https:\/\/www.veos.com.tr\/urunler\/roleler\/emniyet-roleleri\/pnozsigma\/&#8221; no_button=&#8221;false&#8221; fullimage=&#8221;true&#8221;] PNOZsigma\u00a0acil durum emniyet r\u00f6leleri; minimum \u00e7aba ile maksimum g\u00fcvenlik ve maliyet etkinli\u011fi elde edebilirsiniz. PNOZsigma dar g\u00f6vde geni\u015fli\u011fi ve her bir \u00fcniteye s\u0131k\u0131\u015ft\u0131r\u0131lm\u0131\u015f \u00e7ok i\u015flevli \u00f6zellikleri sayesinde, minimum geni\u015flikte maksimum i\u015flevsellik sa\u011flar. PNOZsigma yerden tasarruf ettirirken, emniyet teknolijisini daha h\u0131zl\u0131 ve daha fazla esnek [&hellip;]<\/p>","protected":false},"author":1,"featured_media":0,"parent":518,"menu_order":1,"comment_status":"closed","ping_status":"closed","template":"","meta":{"footnotes":""},"categories":[],"tags":[],"class_list":["post-1192","page","type-page","status-publish","hentry","no-thumb"],"_links":{"self":[{"href":"http:\/\/www.veos.com.tr\/en\/wp-json\/wp\/v2\/pages\/1192","targetHints":{"allow":["GET"]}}],"collection":[{"href":"http:\/\/www.veos.com.tr\/en\/wp-json\/wp\/v2\/pages"}],"about":[{"href":"http:\/\/www.veos.com.tr\/en\/wp-json\/wp\/v2\/types\/page"}],"author":[{"embeddable":true,"href":"http:\/\/www.veos.com.tr\/en\/wp-json\/wp\/v2\/users\/1"}],"replies":[{"embeddable":true,"href":"http:\/\/www.veos.com.tr\/en\/wp-json\/wp\/v2\/comments?post=1192"}],"version-history":[{"count":0,"href":"http:\/\/www.veos.com.tr\/en\/wp-json\/wp\/v2\/pages\/1192\/revisions"}],"up":[{"embeddable":true,"href":"http:\/\/www.veos.com.tr\/en\/wp-json\/wp\/v2\/pages\/518"}],"wp:attachment":[{"href":"http:\/\/www.veos.com.tr\/en\/wp-json\/wp\/v2\/media?parent=1192"}],"wp:term":[{"taxonomy":"category","embeddable":true,"href":"http:\/\/www.veos.com.tr\/en\/wp-json\/wp\/v2\/categories?post=1192"},{"taxonomy":"post_tag","embeddable":true,"href":"http:\/\/www.veos.com.tr\/en\/wp-json\/wp\/v2\/tags?post=1192"}],"curies":[{"name":"wp","href":"https:\/\/api.w.org\/{rel}","templated":true}]}}