{"id":57,"date":"2013-10-15T23:27:43","date_gmt":"2013-10-15T21:27:43","guid":{"rendered":"http:\/\/www.veos.com.tr\/?page_id=57"},"modified":"2023-03-27T14:02:00","modified_gmt":"2023-03-27T12:02:00","slug":"makina-emniyeti","status":"publish","type":"page","link":"https:\/\/www.veos.com.tr\/en\/hizmetler\/makina-emniyeti\/","title":{"rendered":"Machinery safety"},"content":{"rendered":"<div data-elementor-type=\"wp-page\" data-elementor-id=\"57\" class=\"elementor elementor-57\">\n\t\t\t\t\t\t<section class=\"elementor-section elementor-top-section elementor-element elementor-element-cb8db42 elementor-section-boxed elementor-section-height-default elementor-section-height-default\" data-id=\"cb8db42\" data-element_type=\"section\" data-settings=\"{&quot;jet_parallax_layout_list&quot;:[]}\">\n\t\t\t\t\t\t<div class=\"elementor-container elementor-column-gap-default\">\n\t\t\t\t\t<div class=\"elementor-column elementor-col-100 elementor-top-column elementor-element elementor-element-4c97cf2\" data-id=\"4c97cf2\" data-element_type=\"column\" data-settings=\"{&quot;background_background&quot;:&quot;classic&quot;}\">\n\t\t\t<div class=\"elementor-widget-wrap elementor-element-populated\">\n\t\t\t\t\t<div class=\"elementor-background-overlay\"><\/div>\n\t\t\t\t\t\t<section class=\"elementor-section elementor-inner-section elementor-element elementor-element-0086267 elementor-section-boxed elementor-section-height-default elementor-section-height-default\" data-id=\"0086267\" data-element_type=\"section\" data-settings=\"{&quot;jet_parallax_layout_list&quot;:[]}\">\n\t\t\t\t\t\t<div class=\"elementor-container elementor-column-gap-default\">\n\t\t\t\t\t<div class=\"elementor-column elementor-col-50 elementor-inner-column elementor-element elementor-element-74de7bd\" data-id=\"74de7bd\" data-element_type=\"column\">\n\t\t\t<div class=\"elementor-widget-wrap elementor-element-populated\">\n\t\t\t\t\t\t<div class=\"elementor-element elementor-element-2a4217a elementor-widget elementor-widget-image\" data-id=\"2a4217a\" data-element_type=\"widget\" data-widget_type=\"image.default\">\n\t\t\t\t<div class=\"elementor-widget-container\">\n\t\t\t<style>\/*! elementor - v3.21.0 - 26-05-2024 *\/\n.elementor-widget-image{text-align:center}.elementor-widget-image a{display:inline-block}.elementor-widget-image a img[src$=\".svg\"]{width:48px}.elementor-widget-image img{vertical-align:middle;display:inline-block}<\/style>\t\t\t\t\t\t\t\t\t\t<img fetchpriority=\"high\" decoding=\"async\" width=\"1000\" height=\"667\" src=\"https:\/\/www.veos.com.tr\/wp-content\/uploads\/2022\/08\/Industrial-Safety_ConnectIT11.png\" class=\"attachment-large size-large wp-image-10589\" alt=\"\" srcset=\"https:\/\/www.veos.com.tr\/wp-content\/uploads\/2022\/08\/Industrial-Safety_ConnectIT11.png 1000w, https:\/\/www.veos.com.tr\/wp-content\/uploads\/2022\/08\/Industrial-Safety_ConnectIT11-300x200.png 300w, https:\/\/www.veos.com.tr\/wp-content\/uploads\/2022\/08\/Industrial-Safety_ConnectIT11-768x512.png 768w\" sizes=\"(max-width: 1000px) 100vw, 1000px\" \/>\t\t\t\t\t\t\t\t\t\t\t\t\t<\/div>\n\t\t\t\t<\/div>\n\t\t\t\t\t<\/div>\n\t\t<\/div>\n\t\t\t\t<div class=\"elementor-column elementor-col-50 elementor-inner-column elementor-element elementor-element-a9e502c\" data-id=\"a9e502c\" data-element_type=\"column\">\n\t\t\t<div class=\"elementor-widget-wrap elementor-element-populated\">\n\t\t\t\t\t\t<div class=\"elementor-element elementor-element-f8d86bf elementor-widget elementor-widget-text-editor\" data-id=\"f8d86bf\" data-element_type=\"widget\" data-widget_type=\"text-editor.default\">\n\t\t\t\t<div class=\"elementor-widget-container\">\n\t\t\t<style>\/*! elementor - v3.21.0 - 26-05-2024 *\/\n.elementor-widget-text-editor.elementor-drop-cap-view-stacked .elementor-drop-cap{background-color:#69727d;color:#fff}.elementor-widget-text-editor.elementor-drop-cap-view-framed .elementor-drop-cap{color:#69727d;border:3px solid;background-color:transparent}.elementor-widget-text-editor:not(.elementor-drop-cap-view-default) .elementor-drop-cap{margin-top:8px}.elementor-widget-text-editor:not(.elementor-drop-cap-view-default) .elementor-drop-cap-letter{width:1em;height:1em}.elementor-widget-text-editor .elementor-drop-cap{float:left;text-align:center;line-height:1;font-size:50px}.elementor-widget-text-editor .elementor-drop-cap-letter{display:inline-block}<\/style>\t\t\t\t<p>Machine safety is a crucial aspect of industrial operations that involves taking measures to prevent harm or injury to workers who operate machines or equipment. This involves identifying potential hazards associated with the equipment and implementing safety protocols to reduce or eliminate those hazards. Some common safety measures include installing protective barriers, implementing lockout\/tagout procedures, and providing personal protective equipment (PPE) to workers. It is important to regularly assess and update machine safety protocols as new hazards may emerge over time. By prioritizing machine safety, companies can help ensure a safe and healthy work environment for their employees while also reducing the risk of accidents and costly legal liabilities.<\/p>\t\t\t\t\t\t<\/div>\n\t\t\t\t<\/div>\n\t\t\t\t\t<\/div>\n\t\t<\/div>\n\t\t\t\t\t<\/div>\n\t\t<\/section>\n\t\t\t\t\t<\/div>\n\t\t<\/div>\n\t\t\t\t\t<\/div>\n\t\t<\/section>\n\t\t\t\t<\/div>","protected":false},"excerpt":{"rendered":"<p>Makine g\u00fcvenli\u011fi, makineleri veya ekipmanlar\u0131 kullanan ki\u015filerin zarar g\u00f6rmesini veya yaralanmas\u0131n\u0131 \u00f6nlemek i\u00e7in al\u0131nan \u00f6nlemleri i\u00e7eren end\u00fcstriyel operasyonlar\u0131n kritik bir y\u00f6n\u00fcd\u00fcr. Bu, ekipmanla ili\u015fkili potansiyel tehlikeleri belirlemeyi ve bu tehlikeleri azaltmak veya ortadan kald\u0131rmak i\u00e7in g\u00fcvenlik protokolleri uygulamay\u0131 i\u00e7erir. Baz\u0131 yayg\u0131n g\u00fcvenlik \u00f6nlemleri aras\u0131nda koruyucu bariyerlerin kurulumu, kilitleme\/etiketleme prosed\u00fcrlerinin uygulanmas\u0131 ve i\u015f\u00e7ilere ki\u015fisel koruyucu ekipman [&hellip;]<\/p>","protected":false},"author":1,"featured_media":0,"parent":73,"menu_order":10,"comment_status":"closed","ping_status":"closed","template":"","meta":{"footnotes":""},"categories":[],"tags":[],"class_list":["post-57","page","type-page","status-publish","hentry","no-thumb"],"_links":{"self":[{"href":"https:\/\/www.veos.com.tr\/en\/wp-json\/wp\/v2\/pages\/57","targetHints":{"allow":["GET"]}}],"collection":[{"href":"https:\/\/www.veos.com.tr\/en\/wp-json\/wp\/v2\/pages"}],"about":[{"href":"https:\/\/www.veos.com.tr\/en\/wp-json\/wp\/v2\/types\/page"}],"author":[{"embeddable":true,"href":"https:\/\/www.veos.com.tr\/en\/wp-json\/wp\/v2\/users\/1"}],"replies":[{"embeddable":true,"href":"https:\/\/www.veos.com.tr\/en\/wp-json\/wp\/v2\/comments?post=57"}],"version-history":[{"count":0,"href":"https:\/\/www.veos.com.tr\/en\/wp-json\/wp\/v2\/pages\/57\/revisions"}],"up":[{"embeddable":true,"href":"https:\/\/www.veos.com.tr\/en\/wp-json\/wp\/v2\/pages\/73"}],"wp:attachment":[{"href":"https:\/\/www.veos.com.tr\/en\/wp-json\/wp\/v2\/media?parent=57"}],"wp:term":[{"taxonomy":"category","embeddable":true,"href":"https:\/\/www.veos.com.tr\/en\/wp-json\/wp\/v2\/categories?post=57"},{"taxonomy":"post_tag","embeddable":true,"href":"https:\/\/www.veos.com.tr\/en\/wp-json\/wp\/v2\/tags?post=57"}],"curies":[{"name":"wp","href":"https:\/\/api.w.org\/{rel}","templated":true}]}}