{"id":73,"date":"2013-10-16T00:20:16","date_gmt":"2013-10-15T22:20:16","guid":{"rendered":"http:\/\/www.veos.com.tr\/?page_id=73"},"modified":"2022-08-12T06:23:35","modified_gmt":"2022-08-12T04:23:35","slug":"hizmetler","status":"publish","type":"page","link":"https:\/\/www.veos.com.tr\/en\/hizmetler\/","title":{"rendered":"Services"},"content":{"rendered":"<p style=\"text-align: justify;\">5 ad\u0131mda makinalar\u0131n\u0131z daha emniyetli hale getirilebilir.<\/p>\n<ul>\n<li><a href=\"http:\/\/www.veos.com.tr\/en\/hizmetler\/makina-emniyeti\/standartlara-uygunluk\/\">Standartlara uygunluk de\u011ferlendirmesi<\/a><\/li>\n<li><a href=\"#\">Emniyet konsepti<\/a><\/li>\n<li><a href=\"#\">Emniyet tasar\u0131m\u0131<\/a><\/li>\n<li><a href=\"#\">Sistem entegrasyonu<\/a><\/li>\n<li><a href=\"#\">Emniyet do\u011frulamas\u0131<\/a><\/li>\n<\/ul>\n<p style=\"text-align: justify;\">Standartlara uygunluk de\u011ferlendirmesi yap\u0131lm\u0131\u015f makinan\u0131z\u0131n riskleri giderilir veya asgari seviyeye indirgenir.<\/p>\n<ul>\n<li><a href=\"#\">Mekanik kapatmalar<\/a><\/li>\n<li><a href=\"#\">Eri\u015fim s\u0131n\u0131rlama cihazlar\u0131<\/a><\/li>\n<li><a href=\"#\">\u0130zleme cihazlar\u0131<\/a><\/li>\n<\/ul>\n<p style=\"text-align: justify;\">Emniyet sisteminin \u00fcretti\u011fi t\u00fcm mesajlar kullan\u0131c\u0131ya iletilir.<\/p>\n<ul>\n<li><a href=\"#\">Lokal HMI<\/a><\/li>\n<li><a href=\"#\">SCADA entegrasyonu<\/a><\/li>\n<li><a href=\"#\">Veri depolama<\/a><\/li>\n<\/ul>\n<p>[\/services] [\/one_third_last] [clearboth]<\/p>","protected":false},"excerpt":{"rendered":"<p>5 ad\u0131mda makinalar\u0131n\u0131z daha emniyetli hale getirilebilir. Standartlara uygunluk de\u011ferlendirmesi Emniyet konsepti Emniyet tasar\u0131m\u0131 Sistem entegrasyonu Emniyet do\u011frulamas\u0131 Standartlara uygunluk de\u011ferlendirmesi yap\u0131lm\u0131\u015f makinan\u0131z\u0131n riskleri giderilir veya asgari seviyeye indirgenir. Mekanik kapatmalar Eri\u015fim s\u0131n\u0131rlama cihazlar\u0131 \u0130zleme cihazlar\u0131 Emniyet sisteminin \u00fcretti\u011fi t\u00fcm mesajlar kullan\u0131c\u0131ya iletilir. Lokal HMI SCADA entegrasyonu Veri depolama [\/services] [\/one_third_last] [clearboth]<\/p>","protected":false},"author":1,"featured_media":0,"parent":0,"menu_order":2,"comment_status":"closed","ping_status":"closed","template":"","meta":{"footnotes":""},"categories":[],"tags":[],"class_list":["post-73","page","type-page","status-publish","hentry","no-thumb"],"_links":{"self":[{"href":"https:\/\/www.veos.com.tr\/en\/wp-json\/wp\/v2\/pages\/73","targetHints":{"allow":["GET"]}}],"collection":[{"href":"https:\/\/www.veos.com.tr\/en\/wp-json\/wp\/v2\/pages"}],"about":[{"href":"https:\/\/www.veos.com.tr\/en\/wp-json\/wp\/v2\/types\/page"}],"author":[{"embeddable":true,"href":"https:\/\/www.veos.com.tr\/en\/wp-json\/wp\/v2\/users\/1"}],"replies":[{"embeddable":true,"href":"https:\/\/www.veos.com.tr\/en\/wp-json\/wp\/v2\/comments?post=73"}],"version-history":[{"count":0,"href":"https:\/\/www.veos.com.tr\/en\/wp-json\/wp\/v2\/pages\/73\/revisions"}],"wp:attachment":[{"href":"https:\/\/www.veos.com.tr\/en\/wp-json\/wp\/v2\/media?parent=73"}],"wp:term":[{"taxonomy":"category","embeddable":true,"href":"https:\/\/www.veos.com.tr\/en\/wp-json\/wp\/v2\/categories?post=73"},{"taxonomy":"post_tag","embeddable":true,"href":"https:\/\/www.veos.com.tr\/en\/wp-json\/wp\/v2\/tags?post=73"}],"curies":[{"name":"wp","href":"https:\/\/api.w.org\/{rel}","templated":true}]}}